{"id":28,"date":"2017-03-10T20:16:15","date_gmt":"2017-03-10T20:16:15","guid":{"rendered":"http:\/\/montealtoeducacion.com.mx\/?page_id=28"},"modified":"2022-05-14T03:33:30","modified_gmt":"2022-05-14T03:33:30","slug":"about-2","status":"publish","type":"page","link":"https:\/\/montealtoeducacion.com.mx\/?page_id=28","title":{"rendered":"VALORES"},"content":{"rendered":"<div class=\"wpb-content-wrapper\"><p>[vc_row full_width=&#8221;stretch_row&#8221; css=&#8221;.vc_custom_1489587950227{background-color: #f2f3f6 !important;}&#8221;][vc_column width=&#8221;1\/2&#8243; icons_position=&#8221;left&#8221; offset=&#8221;vc_col-lg-offset-3 vc_col-md-offset-3 vc_col-sm-offset-3 vc_col-xs-12&#8243;][vc_empty_space alter_height=&#8221;huge&#8221; hide_on_mobile=&#8221;&#8221;]<div id=\"sc_title_1796537931\"\n\t\tclass=\"sc_title sc_title_default\"><h6 class=\"sc_item_subtitle sc_title_subtitle sc_align_center sc_item_title_style_default\">QUE NOS DEFINE<\/h6><h2 class=\"sc_item_title sc_title_title sc_align_center sc_item_title_style_default sc_item_title_tag\">NUESTROS VALORES<\/h2><\/div><!-- \/.sc_title -->[vc_empty_space alter_height=&#8221;small&#8221; hide_on_mobile=&#8221;&#8221; css=&#8221;.vc_custom_1587768603751{margin-bottom: 1.9rem !important;}&#8221;][vc_column_text]Lo que nos hace diferentes a otros sistemas de educaci\u00f3n.<\/p>\n<p><strong>HONESTIDAD:<\/strong> 2 Corintios 8:21 Procurando hacer las cosas honradamente, no s\u00f3lo delante del Se\u00f1or sino tambi\u00e9n delante de los hombres<\/p>\n<p><strong>RESPONSABILIDAD:<\/strong> Romanos 14:12 De manera que cada uno de nosotros dar\u00e1 a Dios cuenta de s\u00ed.<\/p>\n<p><strong>LEALTAD:<\/strong> Juan 15:13 Nadie tiene mayor amor que \u00e9ste, que uno ponga su vida por sus amigos.<\/p>\n<p><strong>ALEGR\u00cdA:<\/strong> Salmos 51:8 Hazme o\u00edr gozo y alegr\u00eda, y se recrear\u00e1n los huesos que has abatido<\/p>\n<p><strong>RESPETO:<\/strong> 1 Tesalonicenses 5:12-13 Os rogamos, hermanos, que reconozc\u00e1is a los que trabajan entre vosotros, y os presiden en el Se\u00f1or, y os<br \/>\namonestan; y que los teng\u00e1is en mucha estima y amor por causa de su obra.[\/vc_column_text][vc_empty_space alter_height=&#8221;medium&#8221; hide_on_mobile=&#8221;&#8221;][\/vc_column][\/vc_row][vc_row][vc_column][vc_empty_space alter_height=&#8221;medium&#8221; hide_on_mobile=&#8221;&#8221;][vc_single_image image=&#8221;1309&#8243; img_size=&#8221;large&#8221; alignment=&#8221;center&#8221;][\/vc_column][\/vc_row][vc_row][vc_column][vc_empty_space alter_height=&#8221;medium&#8221; hide_on_mobile=&#8221;&#8221;][\/vc_column][\/vc_row]<\/p>\n<\/div>","protected":false},"excerpt":{"rendered":"<p>[vc_row full_width=&#8221;stretch_row&#8221; css=&#8221;.vc_custom_1489587950227{background-color: #f2f3f6 !important;}&#8221;][vc_column width=&#8221;1\/2&#8243; icons_position=&#8221;left&#8221; offset=&#8221;vc_col-lg-offset-3 vc_col-md-offset-3 vc_col-sm-offset-3 vc_col-xs-12&#8243;][vc_empty_space alter_height=&#8221;huge&#8221; hide_on_mobile=&#8221;&#8221;][vc_empty_space alter_height=&#8221;small&#8221; hide_on_mobile=&#8221;&#8221; css=&#8221;.vc_custom_1587768603751{margin-bottom: 1.9rem !important;}&#8221;][vc_column_text]Lo que nos hace diferentes a otros sistemas de educaci\u00f3n. HONESTIDAD: 2 Corintios 8:21 Procurando hacer las cosas honradamente, no s\u00f3lo delante del&hellip;<\/p>\n","protected":false},"author":1,"featured_media":0,"parent":0,"menu_order":0,"comment_status":"closed","ping_status":"closed","template":"","meta":{"footnotes":""},"class_list":["post-28","page","type-page","status-publish","hentry"],"_links":{"self":[{"href":"https:\/\/montealtoeducacion.com.mx\/index.php?rest_route=\/wp\/v2\/pages\/28","targetHints":{"allow":["GET"]}}],"collection":[{"href":"https:\/\/montealtoeducacion.com.mx\/index.php?rest_route=\/wp\/v2\/pages"}],"about":[{"href":"https:\/\/montealtoeducacion.com.mx\/index.php?rest_route=\/wp\/v2\/types\/page"}],"author":[{"embeddable":true,"href":"https:\/\/montealtoeducacion.com.mx\/index.php?rest_route=\/wp\/v2\/users\/1"}],"replies":[{"embeddable":true,"href":"https:\/\/montealtoeducacion.com.mx\/index.php?rest_route=%2Fwp%2Fv2%2Fcomments&post=28"}],"version-history":[{"count":16,"href":"https:\/\/montealtoeducacion.com.mx\/index.php?rest_route=\/wp\/v2\/pages\/28\/revisions"}],"predecessor-version":[{"id":1311,"href":"https:\/\/montealtoeducacion.com.mx\/index.php?rest_route=\/wp\/v2\/pages\/28\/revisions\/1311"}],"wp:attachment":[{"href":"https:\/\/montealtoeducacion.com.mx\/index.php?rest_route=%2Fwp%2Fv2%2Fmedia&parent=28"}],"curies":[{"name":"wp","href":"https:\/\/api.w.org\/{rel}","templated":true}]}}