{"id":2,"date":"2017-02-15T10:14:49","date_gmt":"2017-02-15T10:14:49","guid":{"rendered":"http:\/\/montealtoeducacion.com.mx\/?page_id=2"},"modified":"2024-10-04T22:57:11","modified_gmt":"2024-10-04T22:57:11","slug":"home-1","status":"publish","type":"page","link":"https:\/\/montealtoeducacion.com.mx\/","title":{"rendered":"Home 1"},"content":{"rendered":"<div class=\"wpb-content-wrapper\"><p>[vc_row][vc_column][\/vc_column][vc_column][\/vc_column][\/vc_row][vc_row][vc_column][vc_empty_space height=&#8221;100px&#8221; hide_on_mobile=&#8221;&#8221;][vc_single_image image=&#8221;1554&#8243; img_size=&#8221;full&#8221; alignment=&#8221;center&#8221;][vc_empty_space alter_height=&#8221;medium&#8221; hide_on_mobile=&#8221;&#8221;][\/vc_column][vc_column][\/vc_column][\/vc_row][vc_row][vc_column]\n\t\t\t<!-- START slider1 REVOLUTION SLIDER 6.7.40 --><p class=\"rs-p-wp-fix\"><\/p>\n\t\t\t<rs-module-wrap id=\"rev_slider_1_1_wrapper\" data-source=\"gallery\" style=\"visibility:hidden;background:transparent;padding:0;margin:0px auto;margin-top:0;margin-bottom:0;\">\n\t\t\t\t<rs-module id=\"rev_slider_1_1\" style=\"\" data-version=\"6.7.40\">\n\t\t\t\t\t<rs-slides style=\"overflow: hidden; position: absolute;\">\n\t\t\t\t\t\t<rs-slide style=\"position: absolute;\" data-key=\"rs-1\" data-title=\"Slide\" data-thumb=\"\/\/montealtoeducacion.com.mx\/wp-content\/uploads\/2020\/04\/Slide_1-100x50.jpg\" data-anim=\"ms:600;r:0;\" data-in=\"o:0;\" data-out=\"a:false;\">\n\t\t\t\t\t\t\t<img decoding=\"async\" src=\"\/\/montealtoeducacion.com.mx\/wp-content\/plugins\/revslider\/sr6\/assets\/assets\/dummy.png\" alt=\"\" title=\"Slide_5\" width=\"1920\" height=\"906\" class=\"rev-slidebg tp-rs-img rs-lazyload\" data-lazyload=\"\/\/montealtoeducacion.com.mx\/wp-content\/uploads\/2022\/05\/Slide_5.jpg\" data-panzoom=\"d:10000;ss:100;se:110;\" data-no-retina>\n<!--\n\t\t\t\t\t\t\t--><h1\n\t\t\t\t\t\t\t\tid=\"slider-1-slide-1-layer-2\" \n\t\t\t\t\t\t\t\tclass=\"rs-layer\"\n\t\t\t\t\t\t\t\tdata-type=\"text\"\n\t\t\t\t\t\t\t\tdata-color=\"rgba(255,255,255,1)\"\n\t\t\t\t\t\t\t\tdata-rsp_ch=\"on\"\n\t\t\t\t\t\t\t\tdata-xy=\"x:c;xo:1px;y:c;yo:-38px;\"\n\t\t\t\t\t\t\t\tdata-text=\"w:normal;s:90;l:85;ls:-2px;fw:500;a:center;\"\n\t\t\t\t\t\t\t\tdata-dim=\"w:1023px;\"\n\t\t\t\t\t\t\t\tdata-frame_0=\"tp:600;\"\n\t\t\t\t\t\t\t\tdata-frame_1=\"tp:600;st:2570;sp:2000;sR:2570;\"\n\t\t\t\t\t\t\t\tdata-frame_999=\"o:0;tp:600;st:w;sR:4430;\"\n\t\t\t\t\t\t\t\tstyle=\"z-index:5;font-family:'Fira Sans';\"\n\t\t\t\t\t\t\t>MonteAlto Educaci\u00f3n\n\n \n\t\t\t\t\t\t\t<\/h1><!--\n\n\t\t\t\t\t\t\t--><h1\n\t\t\t\t\t\t\t\tid=\"slider-1-slide-1-layer-11\" \n\t\t\t\t\t\t\t\tclass=\"rs-layer\"\n\t\t\t\t\t\t\t\tdata-type=\"text\"\n\t\t\t\t\t\t\t\tdata-color=\"rgba(255,255,255,1)\"\n\t\t\t\t\t\t\t\tdata-rsp_ch=\"on\"\n\t\t\t\t\t\t\t\tdata-xy=\"x:c;xo:6px;y:c;yo:48px;\"\n\t\t\t\t\t\t\t\tdata-text=\"w:normal;s:90;l:85;ls:-2px;fw:200;a:center;\"\n\t\t\t\t\t\t\t\tdata-dim=\"w:1023px;\"\n\t\t\t\t\t\t\t\tdata-frame_0=\"tp:600;\"\n\t\t\t\t\t\t\t\tdata-frame_1=\"tp:600;st:2570;sp:2000;sR:2570;\"\n\t\t\t\t\t\t\t\tdata-frame_999=\"o:0;tp:600;st:w;sR:4430;\"\n\t\t\t\t\t\t\t\tstyle=\"z-index:8;font-family:'Fira Sans';\"\n\t\t\t\t\t\t\t>\u00a1Que nadie se quede atr\u00e1s!\n\n \n\t\t\t\t\t\t\t<\/h1><!--\n-->\t\t\t\t\t<\/rs-slide>\n\t\t\t\t\t\t<rs-slide style=\"position: absolute;\" data-key=\"rs-2\" data-title=\"Slide\" data-thumb=\"\/\/montealtoeducacion.com.mx\/wp-content\/uploads\/2020\/04\/Slide_2-100x50.jpg\" data-anim=\"ms:600;r:0;\" data-in=\"o:0;\" data-out=\"a:false;\">\n\t\t\t\t\t\t\t<img decoding=\"async\" src=\"\/\/montealtoeducacion.com.mx\/wp-content\/plugins\/revslider\/sr6\/assets\/assets\/dummy.png\" alt=\"\" title=\"Slide_2\" width=\"1920\" height=\"906\" class=\"rev-slidebg tp-rs-img rs-lazyload\" data-lazyload=\"\/\/montealtoeducacion.com.mx\/wp-content\/uploads\/2022\/05\/Slide_2.jpg\" data-panzoom=\"d:10000;ss:100;se:110;\" data-no-retina>\n<!--\n\t\t\t\t\t\t\t--><h1\n\t\t\t\t\t\t\t\tid=\"slider-1-slide-2-layer-2\" \n\t\t\t\t\t\t\t\tclass=\"rs-layer\"\n\t\t\t\t\t\t\t\tdata-type=\"text\"\n\t\t\t\t\t\t\t\tdata-color=\"rgba(255,255,255,1)\"\n\t\t\t\t\t\t\t\tdata-rsp_ch=\"on\"\n\t\t\t\t\t\t\t\tdata-xy=\"x:c;y:c;yo:-64px;\"\n\t\t\t\t\t\t\t\tdata-text=\"w:normal;s:90;l:85;ls:-2px;fw:500;a:center;\"\n\t\t\t\t\t\t\t\tdata-dim=\"w:700px;\"\n\t\t\t\t\t\t\t\tdata-frame_0=\"tp:600;\"\n\t\t\t\t\t\t\t\tdata-frame_1=\"tp:600;st:2570;sp:2000;sR:2570;\"\n\t\t\t\t\t\t\t\tdata-frame_999=\"o:0;tp:600;st:w;sR:4430;\"\n\t\t\t\t\t\t\t\tstyle=\"z-index:5;font-family:'Fira Sans';\"\n\t\t\t\t\t\t\t>SISTEMA ACE \n\t\t\t\t\t\t\t<\/h1><!--\n\n\t\t\t\t\t\t\t--><h1\n\t\t\t\t\t\t\t\tid=\"slider-1-slide-2-layer-12\" \n\t\t\t\t\t\t\t\tclass=\"rs-layer\"\n\t\t\t\t\t\t\t\tdata-type=\"text\"\n\t\t\t\t\t\t\t\tdata-color=\"rgba(255,255,255,1)\"\n\t\t\t\t\t\t\t\tdata-rsp_ch=\"on\"\n\t\t\t\t\t\t\t\tdata-xy=\"x:c;y:c;yo:-64px;\"\n\t\t\t\t\t\t\t\tdata-text=\"w:normal;s:90;l:85;ls:-2px;fw:500;a:center;\"\n\t\t\t\t\t\t\t\tdata-dim=\"w:700px;\"\n\t\t\t\t\t\t\t\tdata-frame_0=\"tp:600;\"\n\t\t\t\t\t\t\t\tdata-frame_1=\"tp:600;st:2570;sp:2000;sR:2570;\"\n\t\t\t\t\t\t\t\tdata-frame_999=\"o:0;tp:600;st:w;sR:4430;\"\n\t\t\t\t\t\t\t\tstyle=\"z-index:8;font-family:'Fira Sans';\"\n\t\t\t\t\t\t\t>SISTEMA ACE \n\t\t\t\t\t\t\t<\/h1><!--\n\n\t\t\t\t\t\t\t--><h1\n\t\t\t\t\t\t\t\tid=\"slider-1-slide-2-layer-13\" \n\t\t\t\t\t\t\t\tclass=\"rs-layer\"\n\t\t\t\t\t\t\t\tdata-type=\"text\"\n\t\t\t\t\t\t\t\tdata-color=\"rgba(255,255,255,1)\"\n\t\t\t\t\t\t\t\tdata-rsp_ch=\"on\"\n\t\t\t\t\t\t\t\tdata-xy=\"x:c;xo:-7px;y:c;yo:32px;\"\n\t\t\t\t\t\t\t\tdata-text=\"w:normal;s:90;l:85;ls:-2px;fw:200;a:center;\"\n\t\t\t\t\t\t\t\tdata-frame_0=\"tp:600;\"\n\t\t\t\t\t\t\t\tdata-frame_1=\"tp:600;st:2570;sp:2000;sR:2570;\"\n\t\t\t\t\t\t\t\tdata-frame_999=\"o:0;tp:600;st:w;sR:4430;\"\n\t\t\t\t\t\t\t\tstyle=\"z-index:5;font-family:'Fira Sans';\"\n\t\t\t\t\t\t\t>Accelerated Christian Education \n\t\t\t\t\t\t\t<\/h1><!--\n-->\t\t\t\t\t<\/rs-slide>\n\t\t\t\t\t\t<rs-slide style=\"position: absolute;\" data-key=\"rs-3\" data-title=\"Slide\" data-thumb=\"\/\/montealtoeducacion.com.mx\/wp-content\/uploads\/2022\/05\/Slide_6-100x50.jpg\" data-anim=\"ms:600;r:0;\" data-in=\"o:0;\" data-out=\"a:false;\">\n\t\t\t\t\t\t\t<img decoding=\"async\" src=\"\/\/montealtoeducacion.com.mx\/wp-content\/plugins\/revslider\/sr6\/assets\/assets\/dummy.png\" alt=\"\" title=\"Slide_6\" width=\"1920\" height=\"906\" class=\"rev-slidebg tp-rs-img rs-lazyload\" data-lazyload=\"\/\/montealtoeducacion.com.mx\/wp-content\/uploads\/2022\/05\/Slide_6.jpg\" data-panzoom=\"d:10000;ss:100;se:110;\" data-no-retina>\n<!--\n\t\t\t\t\t\t\t--><h1\n\t\t\t\t\t\t\t\tid=\"slider-1-slide-3-layer-2\" \n\t\t\t\t\t\t\t\tclass=\"rs-layer\"\n\t\t\t\t\t\t\t\tdata-type=\"text\"\n\t\t\t\t\t\t\t\tdata-color=\"rgba(255,255,255,1)\"\n\t\t\t\t\t\t\t\tdata-rsp_ch=\"on\"\n\t\t\t\t\t\t\t\tdata-xy=\"x:c;y:c;yo:-18px;\"\n\t\t\t\t\t\t\t\tdata-text=\"w:normal;s:90;l:85;ls:-2px;fw:500;a:center;\"\n\t\t\t\t\t\t\t\tdata-frame_0=\"tp:600;\"\n\t\t\t\t\t\t\t\tdata-frame_1=\"tp:600;st:2570;sp:2000;sR:2570;\"\n\t\t\t\t\t\t\t\tdata-frame_999=\"o:0;tp:600;st:w;sR:4430;\"\n\t\t\t\t\t\t\t\tstyle=\"z-index:5;font-family:'Fira Sans';\"\n\t\t\t\t\t\t\t>Atenci\u00f3n Personalizada \n\t\t\t\t\t\t\t<\/h1><!--\n\n\t\t\t\t\t\t\t--><h1\n\t\t\t\t\t\t\t\tid=\"slider-1-slide-3-layer-14\" \n\t\t\t\t\t\t\t\tclass=\"rs-layer\"\n\t\t\t\t\t\t\t\tdata-type=\"text\"\n\t\t\t\t\t\t\t\tdata-color=\"rgba(255,255,255,1)\"\n\t\t\t\t\t\t\t\tdata-rsp_ch=\"on\"\n\t\t\t\t\t\t\t\tdata-xy=\"x:c;y:c;yo:72px;\"\n\t\t\t\t\t\t\t\tdata-text=\"w:normal;s:90;l:85;ls:-2px;fw:200;a:center;\"\n\t\t\t\t\t\t\t\tdata-frame_0=\"tp:600;\"\n\t\t\t\t\t\t\t\tdata-frame_1=\"tp:600;st:2570;sp:2000;sR:2570;\"\n\t\t\t\t\t\t\t\tdata-frame_999=\"o:0;tp:600;st:w;sR:4430;\"\n\t\t\t\t\t\t\t\tstyle=\"z-index:8;font-family:'Fira Sans';\"\n\t\t\t\t\t\t\t>Educando con valores \n\t\t\t\t\t\t\t<\/h1><!--\n-->\t\t\t\t\t<\/rs-slide>\n\t\t\t\t\t<\/rs-slides>\n\t\t\t\t<\/rs-module>\n\t\t\t\t<script>\n\t\t\t\t\tsetREVStartSize({c: 'rev_slider_1_1',rl:[1240,1024,778,480],el:[830],gw:[1240],gh:[830],type:'standard',justify:'',layout:'fullwidth',mh:\"0\"});if (window.RS_MODULES!==undefined && window.RS_MODULES.modules!==undefined && window.RS_MODULES.modules[\"revslider11\"]!==undefined) {window.RS_MODULES.modules[\"revslider11\"].once = false;window.revapi1 = undefined;if (window.RS_MODULES.checkMinimal!==undefined) window.RS_MODULES.checkMinimal()}\n\t\t\t\t<\/script>\n\t\t\t<\/rs-module-wrap>\n\t\t\t<!-- END REVOLUTION SLIDER -->\n[\/vc_column][\/vc_row][vc_row][vc_column][vc_empty_space alter_height=&#8221;medium&#8221; hide_on_mobile=&#8221;&#8221;][\/vc_column][\/vc_row][vc_row full_width=&#8221;stretch_row&#8221; css=&#8221;.vc_custom_1489587950227{background-color: #f2f3f6 !important;}&#8221;][vc_column width=&#8221;1\/2&#8243; icons_position=&#8221;left&#8221; offset=&#8221;vc_col-lg-offset-3 vc_col-md-offset-3 vc_col-sm-offset-3 vc_col-xs-12&#8243;][vc_empty_space alter_height=&#8221;huge&#8221; hide_on_mobile=&#8221;&#8221;]<div id=\"sc_title_315552184\"\n\t\tclass=\"sc_title sc_title_default\"><h6 class=\"sc_item_subtitle sc_title_subtitle sc_align_center sc_item_title_style_default\">Bienvenido a<\/h6><h2 class=\"sc_item_title sc_title_title sc_align_center sc_item_title_style_default sc_item_title_tag\">MonteAlto Educaci\u00f3n<\/h2><div class=\"sc_item_descr sc_title_descr sc_align_center\"><p>Es un colegio con un<br \/>\nsistema estadounidense,<br \/>\nque esta basado en los<br \/>\nValores B\u00edblicos<\/p>\n<p>En donde nuestros hijos encontrar\u00e1n un<br \/>\nambiente adecuado a sus necesidades,<br \/>\natenci\u00f3n personalizada por partes de las<br \/>\nmaestras, nos preocupamos por inculcar en<br \/>\nnuestros alumnos los valores universales,<br \/>\nmediante el sistema ACE, donde se<br \/>\naprenden y se viven dichos valores.<\/p>\n<\/div><\/div><!-- \/.sc_title -->[vc_empty_space alter_height=&#8221;large&#8221; hide_on_mobile=&#8221;&#8221; css=&#8221;.vc_custom_1492509081750{margin-bottom: 1.9rem !important;}&#8221;][\/vc_column][\/vc_row][vc_row][vc_column icons_position=&#8221;left&#8221;][vc_empty_space height=&#8221;0&#8243; alter_height=&#8221;none&#8221; hide_on_mobile=&#8221;&#8221; css=&#8221;.vc_custom_1492685935200{margin-top: -5.3rem !important;}&#8221;][\/vc_column][\/vc_row][vc_row][vc_column]<div class=\"sc_layouts sc_layouts_default sc_layouts_297\">[vc_row el_class=\"ipad-row\"][vc_column icons_position=\"left\"][vc_empty_space alter_height=\"medium\" hide_on_mobile=\"\"][\/vc_column][vc_column width=\"5\/12\" icons_position=\"left\"][vc_empty_space alter_height=\"large\" hide_on_mobile=\"\" css=\".vc_custom_1492522936980{margin-bottom: 0.35rem !important;}\"]<div class=\"sc_layouts_item\"><div id=\"sc_title_1289081286\"\n\t\tclass=\"sc_title sc_title_default\"><h6 class=\"sc_item_subtitle sc_title_subtitle sc_align_center sc_item_title_style_default\">La mejor opci\u00f3n para tus hij@s<\/h6><h2 class=\"sc_item_title sc_title_title sc_align_center sc_item_title_style_default sc_item_title_tag\">Llama o m\u00e1ndanos un correo y con gusto te atenderemos<\/h2><div class=\"sc_item_descr sc_title_descr sc_align_center\"><p>Certificaci\u00f3n de preparatoria de<br \/>\nLIGHTHOUSE CHRISTIAN<br \/>\nACADEMY, reconocida en todas<br \/>\nlas universidades del mundo y<br \/>\navalado por la SEP.<\/p>\n<p>Pai Lozano Directora.<\/p>\n<\/div><\/div><!-- \/.sc_title --><\/div>[vc_empty_space alter_height=\"small\" hide_on_mobile=\"\" css=\".vc_custom_1492522208545{margin-bottom: -1rem !important;}\"][vc_empty_space height=\"0.5rem\" alter_height=\"none\" hide_on_mobile=\"\"][vc_empty_space height=\"0\" alter_height=\"none\" hide_on_mobile=\"\" css=\".vc_custom_1492671465375{margin-bottom: 0px !important;}\"][\/vc_column][vc_column width=\"7\/12\" icons_position=\"left\"][vc_row_inner][vc_column_inner el_class=\"center\" width=\"7\/12\" icons_position=\"left\"][vc_empty_space alter_height=\"large\" hide_on_mobile=\"\" css=\".vc_custom_1492522878933{margin-bottom: -2.7rem !important;}\"][vc_single_image image=\"852\" img_size=\"full\" alignment=\"right\"][vc_empty_space height=\"0\" alter_height=\"none\" hide_on_mobile=\"\" css=\".vc_custom_1492672144983{margin-bottom: 0px !important;}\"][\/vc_column_inner][vc_column_inner el_class=\"center\" width=\"5\/12\" icons_position=\"left\"][vc_single_image image=\"853\" img_size=\"full\"][vc_empty_space alter_height=\"small\" hide_on_mobile=\"\" css=\".vc_custom_1492522174880{margin-bottom: 0.5rem !important;}\"][vc_single_image image=\"854\" img_size=\"full\"][\/vc_column_inner][\/vc_row_inner][\/vc_column][vc_column icons_position=\"left\"][vc_empty_space alter_height=\"medium\" hide_on_mobile=\"\" css=\".vc_custom_1492522991371{margin-bottom: 5.5rem !important;}\"][\/vc_column][\/vc_row]<\/div>[vc_empty_space height=&#8221;60px&#8221; hide_on_mobile=&#8221;&#8221;]<div id=\"sc_title_926121627\"\n\t\tclass=\"sc_title sc_title_default\"><h2 class=\"sc_item_title sc_title_title sc_align_center sc_item_title_style_default sc_item_title_tag\">Ven y conoce nuestro Kinder<\/h2><\/div><!-- \/.sc_title -->[vc_empty_space height=&#8221;100px&#8221; hide_on_mobile=&#8221;&#8221;][vc_empty_space height=&#8221;100px&#8221; hide_on_mobile=&#8221;&#8221;]<div id=\"sc_title_221486349\"\n\t\tclass=\"sc_title sc_title_default\"><h6 class=\"sc_item_subtitle sc_title_subtitle sc_align_center sc_item_title_style_default\">Da click en la im\u00e1gen<\/h6><\/div><!-- \/.sc_title -->[vc_empty_space height=&#8221;100px&#8221; hide_on_mobile=&#8221;&#8221;][vc_empty_space height=&#8221;100px&#8221; hide_on_mobile=&#8221;&#8221;][vc_empty_space height=&#8221;100px&#8221; hide_on_mobile=&#8221;&#8221;][vc_single_image image=&#8221;1485&#8243; img_size=&#8221;large&#8221; alignment=&#8221;center&#8221; onclick=&#8221;custom_link&#8221; link=&#8221;https:\/\/montealtoeducacion.com.mx\/?page_id=1217&#8243;][vc_empty_space height=&#8221;100px&#8221; hide_on_mobile=&#8221;&#8221;][vc_empty_space height=&#8221;100px&#8221; hide_on_mobile=&#8221;&#8221;][vc_empty_space height=&#8221;100px&#8221; hide_on_mobile=&#8221;&#8221;][\/vc_column][\/vc_row][vc_row][vc_column][vc_single_image image=&#8221;1001&#8243; img_size=&#8221;full&#8221; alignment=&#8221;center&#8221;][vc_empty_space alter_height=&#8221;medium&#8221; hide_on_mobile=&#8221;&#8221;][\/vc_column][\/vc_row][vc_row][vc_column]<div id=\"sc_title_2043308618\"\n\t\tclass=\"sc_title sc_title_default\"><h6 class=\"sc_item_subtitle sc_title_subtitle sc_align_center sc_item_title_style_default\">Nuestras Actividades<\/h6><h3 class=\"sc_item_title sc_title_title sc_align_center sc_item_title_style_default\">Lo que nos hace diferentes a otros sistemas<\/h3><\/div><!-- \/.sc_title -->[vc_empty_space alter_height=&#8221;medium&#8221; hide_on_mobile=&#8221;&#8221;][\/vc_column][\/vc_row][vc_row][vc_column width=&#8221;1\/2&#8243;][vc_single_image image=&#8221;1177&#8243; img_size=&#8221;large&#8221; alignment=&#8221;center&#8221; css_animation=&#8221;none&#8221;][\/vc_column][vc_column width=&#8221;1\/2&#8243;][vc_single_image image=&#8221;1180&#8243; img_size=&#8221;large&#8221; alignment=&#8221;center&#8221;][\/vc_column][\/vc_row][vc_row][vc_column][vc_empty_space alter_height=&#8221;medium&#8221; hide_on_mobile=&#8221;&#8221;][\/vc_column][\/vc_row][vc_row][vc_column][vc_single_image image=&#8221;855&#8243; img_size=&#8221;full&#8221; alignment=&#8221;center&#8221;][\/vc_column][\/vc_row][vc_row][vc_column][vc_empty_space alter_height=&#8221;medium&#8221; hide_on_mobile=&#8221;&#8221;][\/vc_column][\/vc_row][vc_row full_width=&#8221;stretch_row&#8221; content_placement=&#8221;top&#8221; css=&#8221;.vc_custom_1587698160588{background-color: #f2f3f6 !important;}&#8221;][vc_column width=&#8221;2\/3&#8243; offset=&#8221;vc_col-lg-offset-2 vc_col-md-offset-2 vc_col-sm-offset-2 vc_col-xs-12&#8243;][vc_empty_space alter_height=&#8221;small&#8221; hide_on_mobile=&#8221;&#8221;]<div class=\"sc_testimonials sc_testimonials_simple\"><h2 class=\"sc_item_title sc_testimonials_title sc_align_center sc_item_title_style_default sc_item_title_tag\">Testimonios Alumnos<\/h2><div class=\"sc_testimonials_slider sc_item_slider\tslider_swiper_outer slider_outer_nocontrols slider_outer_pagination slider_outer_pagination_bullets slider_outer_pagination_pos_right slider_outer_one\">\n\t<div class=\"swiper-slider-container slider_swiper slider_noresize slider_nocontrols slider_pagination slider_pagination_bullets slider_pagination_pos_right slider_one\" data-slides-min-width=\"150\" data-pagination=\"bullets\">\n\t\t<div class=\"slides swiper-wrapper sc_item_columns_1\"><div class=\"swiper-slide\"><div class=\"sc_testimonials_item\">\n\t<div class=\"sc_testimonials_item_content\"><p><img loading=\"lazy\" decoding=\"async\" src=\"http:\/\/montealtoeducacion.com.mx\/wp-content\/uploads\/2020\/07\/Galeria8-300x300.jpg\" alt=\"\" width=\"300\" height=\"300\" class=\"alignnone size-medium wp-image-1289\" srcset=\"https:\/\/montealtoeducacion.com.mx\/wp-content\/uploads\/2020\/07\/Galeria8-300x300.jpg 300w, https:\/\/montealtoeducacion.com.mx\/wp-content\/uploads\/2020\/07\/Galeria8-150x150.jpg 150w, https:\/\/montealtoeducacion.com.mx\/wp-content\/uploads\/2020\/07\/Galeria8-768x768.jpg 768w, https:\/\/montealtoeducacion.com.mx\/wp-content\/uploads\/2020\/07\/Galeria8-370x370.jpg 370w, https:\/\/montealtoeducacion.com.mx\/wp-content\/uploads\/2020\/07\/Galeria8-90x90.jpg 90w, https:\/\/montealtoeducacion.com.mx\/wp-content\/uploads\/2020\/07\/Galeria8-400x400.jpg 400w, https:\/\/montealtoeducacion.com.mx\/wp-content\/uploads\/2020\/07\/Galeria8-552x552.jpg 552w, https:\/\/montealtoeducacion.com.mx\/wp-content\/uploads\/2020\/07\/Galeria8-270x270.jpg 270w, https:\/\/montealtoeducacion.com.mx\/wp-content\/uploads\/2020\/07\/Galeria8-760x760.jpg 760w, https:\/\/montealtoeducacion.com.mx\/wp-content\/uploads\/2020\/07\/Galeria8.jpg 1000w\" sizes=\"auto, (max-width: 300px) 100vw, 300px\" \/><\/p>\n<p>&#8220;El haber estado en este sistema y en espec\u00edfico en esta escuela, ha<br \/>\nsido la mayor bendici\u00f3n en mi vida. Aqu\u00ed aprend\u00ed mucho<br \/>\nacademicamente tanto como espiritual y personalmente.<\/p>\n<p>El amor que hay en esta escuela es incre\u00edble, les doy las gracias por<br \/>\ntanto\u201d.<\/p>\n<p style=\"text-align: center;\"><strong><span style=\"color: #000080;\">MA. FERNANDA GARC\u00cdA MORALES<\/span><\/strong><br \/>\n<strong><span style=\"color: #000080;\">GRADUADA CON HONORES<\/span><\/strong><\/p>\n<\/div>\n\t<div class=\"sc_testimonials_item_author\">\n\t\t<div class=\"sc_testimonials_item_author_data\">\n\t\t\t<h4 class=\"sc_testimonials_item_author_title\"><\/h4>\n\t\t\t<div class=\"sc_testimonials_item_author_subtitle\"><\/div>\n\t\t<\/div>\n\t<\/div>\n<\/div>\n<\/div><div class=\"swiper-slide\"><div class=\"sc_testimonials_item\">\n\t<div class=\"sc_testimonials_item_content\"><p>&#8220;He estado en la escuela MonteAlto desde hace 6 a\u00f1os. Y el sistema me ha ayudado a crecer con valores para toda la vida, me ha ense\u00f1ado ha acercarme m\u00e1s a Dios.<\/p>\n<p>Soy m\u00e1s fluida en el ingl\u00e9s y voy a mi paso mientras aprendo&#8221;.<\/p>\n<p style=\"text-align: center;\"><strong><span style=\"color: #000080;\">MA. FERNANDA GALINDO MENDEZ<\/span><\/strong><br \/>\n<strong><span style=\"color: #000080;\">11vo. GRADO<\/span><\/strong><\/p>\n<\/div>\n\t<div class=\"sc_testimonials_item_author\">\n\t\t<div class=\"sc_testimonials_item_author_data\">\n\t\t\t<h4 class=\"sc_testimonials_item_author_title\"><\/h4>\n\t\t\t<div class=\"sc_testimonials_item_author_subtitle\"><\/div>\n\t\t<\/div>\n\t<\/div>\n<\/div>\n<\/div><div class=\"swiper-slide\"><div class=\"sc_testimonials_item\">\n\t<div class=\"sc_testimonials_item_content\"><p>&#8220;El tiempo que he estado en MonteAlto ha sido de gran bendici\u00f3n para mi vida; el llegar all\u00ed realmente super\u00f3 mis expectativas y me ayud\u00f3 a crear nuevas aspiraciones.<\/p>\n<p>Las misses han sido de gran ayuda, gui\u00e1ndome, apoy\u00e1ndome y motiv\u00e1ndome a siempre retarme a mi mismo y ser mejor estudiante.<\/p>\n<p>MonteAlto no solo me ha ayudado a superarme acad\u00e9micamente, sino personalmente tambi\u00e9n, fue all\u00ed y debido a estar rodeado de incre\u00edbles personas, que conoc\u00ed realmente a Dios.<\/p>\n<p>No puedo hablar m\u00e1s que maravillas de MonteAlto, me recibieron con los brazos abiertos y ahora son como una familia para m\u00ed.<\/p>\n<p>Verdaderamente le doy gracias a Dios por haberme tra\u00eddo aqu\u00ed.<\/p>\n<p style=\"text-align: center;\"><strong><span style=\"color: #000080;\">EDGAR UGARTE LEAL<\/span><\/strong><br \/>\n<strong><span style=\"color: #000080;\">10mo. GRADO<\/span><\/strong><\/p>\n<p>&nbsp;<\/p>\n<\/div>\n\t<div class=\"sc_testimonials_item_author\">\n\t\t<div class=\"sc_testimonials_item_author_data\">\n\t\t\t<h4 class=\"sc_testimonials_item_author_title\"><\/h4>\n\t\t\t<div class=\"sc_testimonials_item_author_subtitle\"><\/div>\n\t\t<\/div>\n\t<\/div>\n<\/div>\n<\/div><div class=\"swiper-slide\"><div class=\"sc_testimonials_item\">\n\t<div class=\"sc_testimonials_item_content\"><p><img loading=\"lazy\" decoding=\"async\" src=\"http:\/\/montealtoeducacion.com.mx\/wp-content\/uploads\/2022\/05\/Galeria44-300x228.jpg\" alt=\"\" width=\"300\" height=\"228\" class=\"alignnone size-medium wp-image-1398\" srcset=\"https:\/\/montealtoeducacion.com.mx\/wp-content\/uploads\/2022\/05\/Galeria44-300x228.jpg 300w, https:\/\/montealtoeducacion.com.mx\/wp-content\/uploads\/2022\/05\/Galeria44-768x583.jpg 768w, https:\/\/montealtoeducacion.com.mx\/wp-content\/uploads\/2022\/05\/Galeria44-370x281.jpg 370w, https:\/\/montealtoeducacion.com.mx\/wp-content\/uploads\/2022\/05\/Galeria44-527x400.jpg 527w, https:\/\/montealtoeducacion.com.mx\/wp-content\/uploads\/2022\/05\/Galeria44-727x552.jpg 727w, https:\/\/montealtoeducacion.com.mx\/wp-content\/uploads\/2022\/05\/Galeria44-760x577.jpg 760w, https:\/\/montealtoeducacion.com.mx\/wp-content\/uploads\/2022\/05\/Galeria44.jpg 1000w\" sizes=\"auto, (max-width: 300px) 100vw, 300px\" \/><\/p>\n<p>&#8220;En MonteAlto encontr\u00e9 una familia con amistades incre\u00edbles y maestros  que ense\u00f1an con amor, ellos siempre est\u00e1n para nosotros de apoyo, con una sonrisa, para guiarnos y motivarnos. Tuve la oportunidad de graduarme con honores, de ir a las convenciones nacionales e internacionales, y al Service Adventure.<\/p>\n<p>1 Timoteo 4:12 No permitas que nadie menosprecie tu juventud; antes, s\u00e9 ejemplo de los creyentes en palabra, conducta, amor, fe y pureza.<\/p>\n<p style=\"text-align: center;\"><strong><span style=\"color: #000080;\">SOFIA PALMA<\/span><\/strong><br \/>\n<strong><span style=\"color: #000080;\">GRADUADA CON HONORES<\/span><\/strong><\/p>\n<\/div>\n\t<div class=\"sc_testimonials_item_author\">\n\t\t<div class=\"sc_testimonials_item_author_data\">\n\t\t\t<h4 class=\"sc_testimonials_item_author_title\"><\/h4>\n\t\t\t<div class=\"sc_testimonials_item_author_subtitle\"><\/div>\n\t\t<\/div>\n\t<\/div>\n<\/div>\n<\/div><\/div><div class=\"slider_pagination_wrap swiper-pagination\"><\/div><\/div><\/div><\/div><!-- \/.sc_testimonials -->[vc_empty_space alter_height=&#8221;large&#8221; hide_on_mobile=&#8221;&#8221;][\/vc_column][\/vc_row]<\/p>\n<\/div>","protected":false},"excerpt":{"rendered":"<p>[vc_row][vc_column][\/vc_column][vc_column][\/vc_column][\/vc_row][vc_row][vc_column][vc_empty_space height=&#8221;100px&#8221; hide_on_mobile=&#8221;&#8221;][vc_single_image image=&#8221;1554&#8243; img_size=&#8221;full&#8221; alignment=&#8221;center&#8221;][vc_empty_space alter_height=&#8221;medium&#8221; hide_on_mobile=&#8221;&#8221;][\/vc_column][vc_column][\/vc_column][\/vc_row][vc_row][vc_column][\/vc_column][\/vc_row][vc_row][vc_column][vc_empty_space alter_height=&#8221;medium&#8221; hide_on_mobile=&#8221;&#8221;][\/vc_column][\/vc_row][vc_row full_width=&#8221;stretch_row&#8221; css=&#8221;.vc_custom_1489587950227{background-color: #f2f3f6 !important;}&#8221;][vc_column width=&#8221;1\/2&#8243; icons_position=&#8221;left&#8221; offset=&#8221;vc_col-lg-offset-3 vc_col-md-offset-3 vc_col-sm-offset-3 vc_col-xs-12&#8243;][vc_empty_space alter_height=&#8221;huge&#8221; hide_on_mobile=&#8221;&#8221;][vc_empty_space alter_height=&#8221;large&#8221; hide_on_mobile=&#8221;&#8221; css=&#8221;.vc_custom_1492509081750{margin-bottom: 1.9rem !important;}&#8221;][\/vc_column][\/vc_row][vc_row][vc_column icons_position=&#8221;left&#8221;][vc_empty_space height=&#8221;0&#8243; alter_height=&#8221;none&#8221; hide_on_mobile=&#8221;&#8221; css=&#8221;.vc_custom_1492685935200{margin-top: -5.3rem !important;}&#8221;][\/vc_column][\/vc_row][vc_row][vc_column][vc_empty_space height=&#8221;60px&#8221; hide_on_mobile=&#8221;&#8221;][vc_empty_space height=&#8221;100px&#8221; hide_on_mobile=&#8221;&#8221;][vc_empty_space height=&#8221;100px&#8221; hide_on_mobile=&#8221;&#8221;][vc_empty_space&hellip;<\/p>\n","protected":false},"author":1,"featured_media":0,"parent":0,"menu_order":0,"comment_status":"closed","ping_status":"closed","template":"","meta":{"footnotes":""},"class_list":["post-2","page","type-page","status-publish","hentry"],"_links":{"self":[{"href":"https:\/\/montealtoeducacion.com.mx\/index.php?rest_route=\/wp\/v2\/pages\/2","targetHints":{"allow":["GET"]}}],"collection":[{"href":"https:\/\/montealtoeducacion.com.mx\/index.php?rest_route=\/wp\/v2\/pages"}],"about":[{"href":"https:\/\/montealtoeducacion.com.mx\/index.php?rest_route=\/wp\/v2\/types\/page"}],"author":[{"embeddable":true,"href":"https:\/\/montealtoeducacion.com.mx\/index.php?rest_route=\/wp\/v2\/users\/1"}],"replies":[{"embeddable":true,"href":"https:\/\/montealtoeducacion.com.mx\/index.php?rest_route=%2Fwp%2Fv2%2Fcomments&post=2"}],"version-history":[{"count":135,"href":"https:\/\/montealtoeducacion.com.mx\/index.php?rest_route=\/wp\/v2\/pages\/2\/revisions"}],"predecessor-version":[{"id":1556,"href":"https:\/\/montealtoeducacion.com.mx\/index.php?rest_route=\/wp\/v2\/pages\/2\/revisions\/1556"}],"wp:attachment":[{"href":"https:\/\/montealtoeducacion.com.mx\/index.php?rest_route=%2Fwp%2Fv2%2Fmedia&parent=2"}],"curies":[{"name":"wp","href":"https:\/\/api.w.org\/{rel}","templated":true}]}}